{"id":440,"date":"2026-02-12T19:45:58","date_gmt":"2026-02-12T19:45:58","guid":{"rendered":"https:\/\/dominicglaser.de\/homepage\/?page_id=440"},"modified":"2026-02-12T19:54:13","modified_gmt":"2026-02-12T19:54:13","slug":"impressum","status":"publish","type":"page","link":"https:\/\/dominicglaser.de\/homepage\/impressum\/","title":{"rendered":"Impressum"},"content":{"rendered":"\t\t<div data-elementor-type=\"wp-page\" data-elementor-id=\"440\" class=\"elementor elementor-440\" data-elementor-post-type=\"page\">\n\t\t\t\t<div class=\"elementor-element elementor-element-3a9ab2f e-flex e-con-boxed e-con e-parent\" data-id=\"3a9ab2f\" data-element_type=\"container\" data-e-type=\"container\">\n\t\t\t\t\t<div class=\"e-con-inner\">\n\t\t\t\t<div class=\"elementor-element elementor-element-ed633f9 elementor-widget elementor-widget-text-editor\" data-id=\"ed633f9\" data-element_type=\"widget\" data-e-type=\"widget\" data-widget_type=\"text-editor.default\">\n\t\t\t\t\t\t\t\t\t<h2 data-start=\"521\" data-end=\"535\"><strong>IMPRESSUM<\/strong><\/h2><p data-start=\"537\" data-end=\"558\">Angaben gem\u00e4\u00df \u00a7 5 TMG<\/p><p data-start=\"560\" data-end=\"678\">Dominic Glaser<br data-start=\"574\" data-end=\"577\" \/>Hochzeits- &amp; Eventfotografie \/ Videografie<br data-start=\"619\" data-end=\"622\" \/>Ludwig-Marum-Stra\u00dfe 42<br data-start=\"644\" data-end=\"647\" \/>76185 Karlsruhe<br data-start=\"662\" data-end=\"665\" \/>Deutschland<\/p><hr data-start=\"755\" data-end=\"758\" \/><h3><strong>Umsatzsteuer<\/strong><\/h3><p data-start=\"778\" data-end=\"855\">Gem\u00e4\u00df \u00a7 19 UStG wird keine Umsatzsteuer berechnet (Kleinunternehmerregelung).<\/p><hr data-start=\"857\" data-end=\"860\" \/><h3><strong>Verantwortlich f\u00fcr den Inhalt nach \u00a7 55 Abs. 2 RStV<\/strong><\/h3><p data-start=\"919\" data-end=\"978\">Dominic Glaser<br data-start=\"933\" data-end=\"936\" \/>Ludwig-Marum-Stra\u00dfe 42<br data-start=\"958\" data-end=\"961\" \/>76185 Karlsruhe<\/p><hr data-start=\"980\" data-end=\"983\" \/><h3 data-start=\"985\" data-end=\"1009\"><strong>EU-Streitschlichtung<\/strong><\/h3><p data-start=\"1011\" data-end=\"1137\">Die Europ\u00e4ische Kommission stellt eine Plattform zur Online-Streitbeilegung (OS) bereit:<br data-start=\"1099\" data-end=\"1102\" \/><a class=\"decorated-link cursor-pointer\" target=\"_new\" rel=\"noopener\" data-start=\"1102\" data-end=\"1137\">https:\/\/ec.europa.eu\/consumers\/odr\/<\/a><\/p><p data-start=\"1139\" data-end=\"1266\">Ich bin nicht verpflichtet und nicht bereit, an Streitbeilegungsverfahren vor einer Verbraucherschlichtungsstelle teilzunehmen.<\/p>\t\t\t\t\t\t\t\t<\/div>\n\t\t\t\t\t<\/div>\n\t\t\t\t<\/div>\n\t\t\t\t<\/div>\n\t\t","protected":false},"excerpt":{"rendered":"<p>IMPRESSUM Angaben gem\u00e4\u00df \u00a7 5 TMG Dominic GlaserHochzeits- &amp; Eventfotografie \/ VideografieLudwig-Marum-Stra\u00dfe 4276185 KarlsruheDeutschland Umsatzsteuer Gem\u00e4\u00df \u00a7 19 UStG wird keine Umsatzsteuer berechnet (Kleinunternehmerregelung). Verantwortlich f\u00fcr den Inhalt nach \u00a7 55 Abs. 2 RStV Dominic GlaserLudwig-Marum-Stra\u00dfe 4276185 Karlsruhe EU-Streitschlichtung Die Europ\u00e4ische Kommission stellt eine Plattform zur Online-Streitbeilegung (OS) bereit:https:\/\/ec.europa.eu\/consumers\/odr\/ Ich bin nicht verpflichtet und nicht [&hellip;]<\/p>\n","protected":false},"author":1,"featured_media":0,"parent":0,"menu_order":0,"comment_status":"closed","ping_status":"closed","template":"","meta":{"footnotes":""},"class_list":["post-440","page","type-page","status-publish","hentry"],"_links":{"self":[{"href":"https:\/\/dominicglaser.de\/homepage\/wp-json\/wp\/v2\/pages\/440","targetHints":{"allow":["GET"]}}],"collection":[{"href":"https:\/\/dominicglaser.de\/homepage\/wp-json\/wp\/v2\/pages"}],"about":[{"href":"https:\/\/dominicglaser.de\/homepage\/wp-json\/wp\/v2\/types\/page"}],"author":[{"embeddable":true,"href":"https:\/\/dominicglaser.de\/homepage\/wp-json\/wp\/v2\/users\/1"}],"replies":[{"embeddable":true,"href":"https:\/\/dominicglaser.de\/homepage\/wp-json\/wp\/v2\/comments?post=440"}],"version-history":[{"count":6,"href":"https:\/\/dominicglaser.de\/homepage\/wp-json\/wp\/v2\/pages\/440\/revisions"}],"predecessor-version":[{"id":453,"href":"https:\/\/dominicglaser.de\/homepage\/wp-json\/wp\/v2\/pages\/440\/revisions\/453"}],"wp:attachment":[{"href":"https:\/\/dominicglaser.de\/homepage\/wp-json\/wp\/v2\/media?parent=440"}],"curies":[{"name":"wp","href":"https:\/\/api.w.org\/{rel}","templated":true}]}}